{"id":6125,"date":"2018-07-12T11:43:12","date_gmt":"2018-07-12T09:43:12","guid":{"rendered":"https:\/\/www.schmucknaegel.de\/es\/?page_id=6125"},"modified":"2018-07-16T15:22:16","modified_gmt":"2018-07-16T13:22:16","slug":"fabricantes-esmaltes-unas-halal","status":"publish","type":"page","link":"https:\/\/www.schmucknaegel.de\/es\/fabricantes-esmaltes-unas-halal\/","title":{"rendered":"Fabricantes de esmaltes de u\u00f1as halal"},"content":{"rendered":"<div style=\"clear: both;\">\r\n<h2 id=\"fabricantes-para-esmaltes-de-unas-halal\">Fabricantes para esmaltes de u\u00f1as halal<\/h2>\r\n<p>Los <a href=\"https:\/\/www.schmucknaegel.de\/es\/esmaltes-unas-halal\/\" title=\"Esmaltes de u\u00f1as halal\"><strong>esmaltes de u\u00f1as halal<\/strong><\/a> son esmaltes de u\u00f1as que son permeables al agua y al aire y, adem\u00e1s, <b>no<\/b> contienen ciertos ingredientes (<abbr title=\"por ejemplo\">p. ej.<\/abbr> alcohol, formaldeh\u00eddo, tolueno, alcanfor, <abbr title=\"et cetera\">etc.<\/abbr>). Seg\u00fan los fabricantes que ofrecen esmaltes de u\u00f1as halal, pueden los musulmanes usar estos esmalte de u\u00f1as durante la oraci\u00f3n. El lavado ritual se puede realizar para limpiar todo el cuerpo, ya que los esmaltes de u\u00f1as halal pueden dejar pasar el agua y el aire. Si usted todav\u00eda no quiere usar el esmalte de u\u00f1as durante la oraci\u00f3n, se lo puede quitar en unos minutos antes de la oraci\u00f3n. Para quitar los esmaltes de u\u00f1as halal llamados peel-off (esmaltes de u\u00f1as pelables), no se necesita removedor de esmalte de u\u00f1as. Simplemente tiene que dejar que las u\u00f1as se remojen en agua tibia durante cuatro o cinco minutos y luego el esmalte de u\u00f1as, como una capa el\u00e1stica, se puede quitar f\u00e1cilmente de las u\u00f1as. Tambi\u00e9n hay esmaltes de u\u00f1as halal que requieren removedor de esmalte de u\u00f1as para quitarlo, para esto tambi\u00e9n hay removedores de esmalte de u\u00f1as halal especiales vendidos por algunos fabricantes.<\/p>\r\n<script async src=\"\/\/pagead2.googlesyndication.com\/pagead\/js\/adsbygoogle.js\"><\/script>\r\n<ins class=\"adsbygoogle\"\r\n     style=\"display:block; text-align:center;\"\r\n     data-ad-format=\"fluid\"\r\n     data-ad-layout=\"in-article\"\r\n     data-ad-client=\"ca-pub-4740760903033421\"\r\n     data-ad-slot=\"1912020504\"><\/ins>\r\n<script>\r\n     (adsbygoogle = window.adsbygoogle || []).push({});\r\n<\/script>\r\n<p class=\"sn-ad-in-article-abstand-oben\">Aqu\u00ed encontrar\u00e1 una lista de fabricantes que producen esmaltes de u\u00f1as halal. En esta lista solo hay fabricantes que han obtenido sellos de calidad para productos halal para sus productos y\/o declaran expresamente que sus productos son halal. Algunos fabricantes no tienen <a href=\"https:\/\/www.schmucknaegel.de\/es\/sellos-de-calidad-productos-cosmeticos\/#sellos-de-calidad-para-productos-halal\" title=\"Sellos de calidad para productos cosm\u00e9ticos\"><strong>sellos de calidad para productos halal<\/strong><\/a>, lo que puede ser el caso debido a los gastos. Como no queremos castigar a estos fabricantes, algunos de ellos tambi\u00e9n est\u00e1n en nuestra lista, porque tambi\u00e9n ofrecen productos halal en su gama de productos.<\/p>\r\n<p>Para ayudarles a orientarse en la lista, hemos dividido por continentes los fabricantes  y clasificados por su designaci\u00f3n-Free. Si los esmaltes de u\u00f1as tienen t\u00e9rminos con designaci\u00f3n-Free, significa que los esmaltes de u\u00f1as est\u00e1n <b>libres<\/b> de ciertos ingredientes. Se trata de sustancias nocivas como plastificantes, fragancias o alcohol. Desafortunadamente, no hay especificaciones sobre cu\u00e1ndo se pueden usar la designaci\u00f3n-Free. Cada fabricante puede decidir por s\u00ed mismo qu\u00e9 ingredientes no utiliza en sus esmaltes de u\u00f1as. La siguiente lista muestra los ingredientes, que en la mayor\u00eda <b>no<\/b> est\u00e1n contenidos en el esmalte de u\u00f1as cuando se utiliza el t\u00e9rmino Free.<\/p>\r\n<script async src=\"\/\/pagead2.googlesyndication.com\/pagead\/js\/adsbygoogle.js\"><\/script>\r\n<ins class=\"adsbygoogle\"\r\n     style=\"display:block; text-align:center;\"\r\n     data-ad-format=\"fluid\"\r\n     data-ad-layout=\"in-article\"\r\n     data-ad-client=\"ca-pub-4740760903033421\"\r\n     data-ad-slot=\"1912020504\"><\/ins>\r\n<script>\r\n     (adsbygoogle = window.adsbygoogle || []).push({});\r\n<\/script>\r\n<h3 id=\"3-free\">3-free<\/h3>\r\n<p>Por ejemplo, libre de: formaldeh\u00eddo, tolueno, ftalato de dibutilo (DBP)<\/p>\r\n<h3 id=\"4-free\">4-free<\/h3>\r\n<p>Por ejemplo, libre de: formaldeh\u00eddo, tolueno, ftalato de dibutilo (DBP)<br \/>\r\nAdicionalmente a <strong>3-free<\/strong>: alcanfor<\/p>\r\n<h3 id=\"5-free\">5-free<\/h3>\r\n<p>Por ejemplo, libre de: formaldeh\u00eddo, tolueno, ftalato de dibutilo (DBP), alcanfor<br \/>\r\nAdicionalmente a <strong>4-free<\/strong>: resinas de formaldeh\u00eddo<\/p>\r\n<h3 id=\"7-free\">7-free<\/h3>\r\n<p>Por ejemplo, libre de: formaldeh\u00eddo, tolueno, ftalato de dibutilo (DBP), alcanfor, resinas de formaldeh\u00eddo<br \/>\r\nAdicionalmente a <strong>5-free<\/strong>: parabenos, xileno<\/p>\r\n<h3 id=\"8-free\">8-free<\/h3>\r\n<p>Por ejemplo, libre de: formaldeh\u00eddo, tolueno, ftalato de dibutilo (DBP), alcanfor, resinas de formaldeh\u00eddo, parabenos, xileno<br \/>\r\nAdicionalmente a <strong>7-free<\/strong>: plastificante<\/p>\r\n<script async src=\"\/\/pagead2.googlesyndication.com\/pagead\/js\/adsbygoogle.js\"><\/script>\r\n<ins class=\"adsbygoogle\"\r\n     style=\"display:block; text-align:center;\"\r\n     data-ad-format=\"fluid\"\r\n     data-ad-layout=\"in-article\"\r\n     data-ad-client=\"ca-pub-4740760903033421\"\r\n     data-ad-slot=\"1912020504\"><\/ins>\r\n<script>\r\n     (adsbygoogle = window.adsbygoogle || []).push({});\r\n<\/script>\r\n<h3 id=\"9-free\">9-free<\/h3>\r\n<p>Por ejemplo, libre de: formaldeh\u00eddo, tolueno, ftalato de dibutilo (DBP), alcanfor, resinas de formaldeh\u00eddo, parabenos, xileno, plastificante<br \/>\r\nAdicionalmente a <strong>8-free<\/strong>: acetona<\/p>\r\n<h3 id=\"10-free\">10-free<\/h3>\r\n<p>Por ejemplo, libre de: formaldeh\u00eddo, tolueno, ftalato de dibutilo (DBP), alcanfor, resinas de formaldeh\u00eddo, parabenos, xileno, plastificante, acetona<br \/>\r\nAdicionalmente a <strong>9-free<\/strong>: fragancias<\/p>\r\n<h3 id=\"12-free\">12-free<\/h3>\r\n<p>Por ejemplo, libre de: formaldeh\u00eddo, tolueno, ftalato de dibutilo (DBP), alcanfor, resinas de formaldeh\u00eddo, parabenos, xileno, plastificante, acetona, fragancias<br \/>\r\nAdicionalmente a <strong>10-free<\/strong>: alcohol, gluten<\/p>\r\n<h3 id=\"14-free\">14-free<\/h3>\r\n<p>Por ejemplo, libre de: formaldeh\u00eddo, tolueno, ftalato de dibutilo (DBP), alcanfor, resinas de formaldeh\u00eddo, parabenos, xileno, plastificante, acetona, fragancias, alcohol, gluten<br \/>\r\nAdicionalmente a <strong>12-free<\/strong>: silicona, colofonia<\/p>\r\n<div class=\"sn-ad-content\">\r\n<script async src=\"\/\/pagead2.googlesyndication.com\/pagead\/js\/adsbygoogle.js\"><\/script>\r\n<!-- sn-wp-linkblock-responsive -->\r\n<ins class=\"adsbygoogle\"\r\n     style=\"display:block\"\r\n     data-ad-client=\"ca-pub-4740760903033421\"\r\n     data-ad-slot=\"3246066758\"\r\n     data-ad-format=\"link\"><\/ins>\r\n<script>\r\n(adsbygoogle = window.adsbygoogle || []).push({});\r\n<\/script>\r\n<\/div>\r\n<p>Los fabricantes est\u00e1n tambi\u00e9n divididos en continentes, por las designaciones-Free y ordenados por alfab\u00e9tico. Para cada fabricante hay enlaces al surtido de los esmaltes de u\u00f1as, as\u00ed como el pa\u00eds en el que producen. Adem\u00e1s, encontrar\u00e1 en algunos fabricantes una nota de informaci\u00f3n, que algunos de ellos tambi\u00e9n tienen esmaltes de u\u00f1as <b>no halal<\/b> en su gama.<\/p>\r\n<p>Esperamos que encuentre sus colores preferidos entre los esmaltes de u\u00f1as halal. \u00a1Disfrute de la navegaci\u00f3n!<\/p>\r\n<hr>\r\n<h3>\u00cdndice: Listado de fabricantes para esmaltes de u\u00f1as halal<\/h3>\r\n<ul>\r\n<li><a href=\"#fabricantes-de-esmaltes-de-unas-halal-en-europa\" title=\"Fabricantes de esmaltes de u\u00f1as halal en Europa\">Fabricantes de esmaltes de u\u00f1as halal en Europa<\/a><\/li>\r\n<li><a href=\"#fabricantes-de-esmaltes-de-unas-halal-en-norteamerica\" title=\"Fabricantes de esmaltes de u\u00f1as halal en Norteam\u00e9rica\">Fabricantes de esmaltes de u\u00f1as halal en Norteam\u00e9rica<\/a><\/li>\r\n<li><a href=\"#fabricantes-de-esmaltes-de-unas-halal-en-australia\" title=\"Fabricantes de esmaltes de u\u00f1as halal en Australia\">Fabricantes de esmaltes de u\u00f1as halal en Australia<\/a><\/li>\r\n<\/ul>\r\n<script async src=\"\/\/pagead2.googlesyndication.com\/pagead\/js\/adsbygoogle.js\"><\/script>\r\n<ins class=\"adsbygoogle\"\r\n     style=\"display:block; text-align:center;\"\r\n     data-ad-format=\"fluid\"\r\n     data-ad-layout=\"in-article\"\r\n     data-ad-client=\"ca-pub-4740760903033421\"\r\n     data-ad-slot=\"1912020504\"><\/ins>\r\n<script>\r\n     (adsbygoogle = window.adsbygoogle || []).push({});\r\n<\/script>\r\n<h2 id=\"fabricantes-de-esmaltes-de-unas-halal-en-europa\">Fabricantes de esmaltes de u\u00f1as halal en Europa<\/h2>\r\n<h3>5-free<\/h3>\r\n<h4>Beautylope Pure &#038; Vegan Halal Cosmetics<\/h4>\r\n<p><a class=\"out\" href=\"https:\/\/www.beautylope.de\/produkte\/halal-veganer-nagellack-\/?p=1\" rel=\"nofollow\" target=\"_blank\">www.beautylope.de\/produkte\/halal-veganer-nagellack-\/?p=1<\/a><br \/> Pa\u00eds: Alemania<\/p>\r\n<h3>7-free<\/h3>\r\n<h4>Nailsinc<\/h4>\r\n<p><a class=\"out\" href=\"https:\/\/www.nailsinc.com\/search\/?q=halal\" rel=\"nofollow\" target=\"_blank\">https:\/\/www.nailsinc.com\/search\/?q=halal<\/a><br \/> Pa\u00eds: UK<br \/> Nota: El fabricante tambi\u00e9n ofrece esmaltes de u\u00f1as con <strong>no son halal<\/strong> en la gama de productos.<\/p>\r\n<h3>12-free<\/h3>\r\n<h4>Nailberry<\/h4>\r\n<p><a class=\"out\" href=\"https:\/\/www.nailberry.co.uk\/\" rel=\"nofollow\" target=\"_blank\">https:\/\/www.nailberry.co.uk\/<\/a><br \/> Pa\u00eds: UK<br \/> Nota: El fabricante tambi\u00e9n ofrece esmaltes de u\u00f1as con <strong>no son halal<\/strong> en la gama de productos.<\/p>\r\n<h3>Sin designaci\u00f3n-Free<\/h3>\r\n<h4>Umma Shop<\/h4>\r\n<p><a class=\"out\" href=\"https:\/\/www.umma-shop.de\/halal-nagellack-set-1-copy.html\" rel=\"nofollow\" target=\"_blank\">https:\/\/www.umma-shop.de\/halal-nagellack-set-1-copy.html<\/a><br \/> Pa\u00eds: Alemania<\/p>\r\n<h4>Vivien Kondor<\/h4>\r\n<p><a class=\"out\" href=\"https:\/\/www.vivienkondor.com\/product\/water-permeable-halal-collection\/\" rel=\"nofollow\" target=\"_blank\">https:\/\/www.vivienkondor.com\/product\/water-permeable-halal-collection\/<\/a><br \/> Pa\u00eds: UK<br \/> Nota: El fabricante tambi\u00e9n ofrece esmaltes de u\u00f1as con <strong>no son halal<\/strong> en la gama de productos.<\/p>\r\n<script async src=\"\/\/pagead2.googlesyndication.com\/pagead\/js\/adsbygoogle.js\"><\/script>\r\n<ins class=\"adsbygoogle\"\r\n     style=\"display:block; text-align:center;\"\r\n     data-ad-format=\"fluid\"\r\n     data-ad-layout=\"in-article\"\r\n     data-ad-client=\"ca-pub-4740760903033421\"\r\n     data-ad-slot=\"1912020504\"><\/ins>\r\n<script>\r\n     (adsbygoogle = window.adsbygoogle || []).push({});\r\n<\/script>\r\n<h2 id=\"fabricantes-de-esmaltes-de-unas-halal-en-norteamerica\">Fabricantes de esmaltes de u\u00f1as halal en Norteam\u00e9rica<\/h2>\r\n<h3>4-free<\/h3>\r\n<h4>Amara Halal cosmetics<\/h4>\r\n<p><a class=\"out\" href=\"https:\/\/amaracosmetics.com\/product-category\/nails\/\" rel=\"nofollow\" target=\"_blank\">https:\/\/amaracosmetics.com\/product-category\/nails\/<\/a><br \/> Pa\u00eds: USA<\/p>\r\n<h3>12-free<\/h3>\r\n<h4>la cc<\/h4>\r\n<p><a class=\"out\" href=\"http:\/\/www.laccbeauty.com\/collection\/\" rel=\"nofollow\" target=\"_blank\">http:\/\/www.laccbeauty.com\/collection\/<\/a><br \/> Pa\u00eds: Canad\u00e1<\/p>\r\n<h4>Orly<\/h4>\r\n<p><a class=\"out\" href=\"http:\/\/www.orlybeauty.com\/breathable-treatment-color.html\" rel=\"nofollow\" target=\"_blank\">http:\/\/www.orlybeauty.com\/breathable-treatment-color.html<\/a><br \/> Pa\u00eds: USA<br \/> Nota: El fabricante tambi\u00e9n ofrece esmaltes de u\u00f1as con <strong>no son halal<\/strong> en la gama de productos.<\/p>\r\n<h2 id=\"fabricantes-de-esmaltes-de-unas-halal-en-australia\">Fabricantes de esmaltes de u\u00f1as halal en Australia<\/h2>\r\n<h3>10-free<\/h3>\r\n<h4>Kester Black<\/h4>\r\n<p><a class=\"out\" href=\"https:\/\/www.kesterblack.com\/shop\/category\/nail-polish\" rel=\"nofollow\" target=\"_blank\">https:\/\/www.kesterblack.com\/shop\/category\/nail-polish<\/a><br \/> Pa\u00eds: Australia<\/p>\r\n<\/div>\r\n<div class=\"sn-ad-content\">\r\n<script async src=\"\/\/pagead2.googlesyndication.com\/pagead\/js\/adsbygoogle.js\"><\/script>\r\n<!-- sn-wp-linkblock-responsive -->\r\n<ins class=\"adsbygoogle\"\r\n     style=\"display:block\"\r\n     data-ad-client=\"ca-pub-4740760903033421\"\r\n     data-ad-slot=\"3246066758\"\r\n     data-ad-format=\"link\"><\/ins>\r\n<script>\r\n(adsbygoogle = window.adsbygoogle || []).push({});\r\n<\/script>\r\n<\/div>\r\n<div class=\"sn-hinweis-unten\" style=\"margin-bottom: 25px\">\r\n<p><strong>Nota:<\/strong> Toda la informaci\u00f3n sin garant\u00eda de integridad y correcci\u00f3n. No se puede asumir ninguna responsabilidad por cualquier da\u00f1o que pueda ocurrir.<\/p>\r\n<\/div>\r\n<script async src=\"\/\/pagead2.googlesyndication.com\/pagead\/js\/adsbygoogle.js\"><\/script>\r\n<ins class=\"adsbygoogle\"\r\n     style=\"display:block; text-align:center;\"\r\n     data-ad-format=\"fluid\"\r\n     data-ad-layout=\"in-article\"\r\n     data-ad-client=\"ca-pub-4740760903033421\"\r\n     data-ad-slot=\"1912020504\"><\/ins>\r\n<script>\r\n     (adsbygoogle = window.adsbygoogle || []).push({});\r\n<\/script>","protected":false},"excerpt":{"rendered":"<div class=\"shariff shariff-align-flex-start shariff-widget-align-flex-start\"><ul class=\"shariff-buttons theme-round orientation-horizontal buttonsize-medium\"><li class=\"shariff-button facebook shariff-nocustomcolor\" style=\"background-color:#4273c8;border-radius:25%\"><a href=\"https:\/\/www.facebook.com\/sharer\/sharer.php?u=https%3A%2F%2Fwww.schmucknaegel.de%2Fes%2Ffabricantes-esmaltes-unas-halal%2F\" title=\"Compartir en Facebook\" aria-label=\"Compartir en Facebook\" role=\"button\" rel=\"nofollow\" class=\"shariff-link\" style=\";border-radius:25%; background-color:#3b5998; color:#fff\" target=\"_blank\"><span class=\"shariff-icon\" style=\"\"><svg width=\"32px\" height=\"20px\" xmlns=\"http:\/\/www.w3.org\/2000\/svg\" viewBox=\"0 0 18 32\"><path fill=\"#3b5998\" d=\"M17.1 0.2v4.7h-2.8q-1.5 0-2.1 0.6t-0.5 1.9v3.4h5.2l-0.7 5.3h-4.5v13.6h-5.5v-13.6h-4.5v-5.3h4.5v-3.9q0-3.3 1.9-5.2t5-1.8q2.6 0 4.1 0.2z\"\/><\/svg><\/span><\/a><\/li><li class=\"shariff-button twitter shariff-nocustomcolor\" style=\"background-color:#595959;border-radius:25%\"><a href=\"https:\/\/twitter.com\/share?url=https%3A%2F%2Fwww.schmucknaegel.de%2Fes%2Ffabricantes-esmaltes-unas-halal%2F&text=Fabricantes%20de%20esmaltes%20de%20u%C3%B1as%20halal\" title=\"Compartir en X\" aria-label=\"Compartir en X\" role=\"button\" rel=\"noopener nofollow\" class=\"shariff-link\" style=\";border-radius:25%; background-color:#000; color:#fff\" target=\"_blank\"><span class=\"shariff-icon\" style=\"\"><svg width=\"32px\" height=\"20px\" xmlns=\"http:\/\/www.w3.org\/2000\/svg\" viewBox=\"0 0 24 24\"><path fill=\"#000\" d=\"M14.258 10.152L23.176 0h-2.113l-7.747 8.813L7.133 0H0l9.352 13.328L0 23.973h2.113l8.176-9.309 6.531 9.309h7.133zm-2.895 3.293l-.949-1.328L2.875 1.56h3.246l6.086 8.523.945 1.328 7.91 11.078h-3.246zm0 0\"\/><\/svg><\/span><\/a><\/li><li class=\"shariff-button pinterest shariff-nocustomcolor\" style=\"background-color:#e70f18;border-radius:25%\"><a href=\"https:\/\/www.pinterest.com\/pin\/create\/link\/?url=https%3A%2F%2Fwww.schmucknaegel.de%2Fes%2Ffabricantes-esmaltes-unas-halal%2F&media=https%3A%2F%2Fwww.schmucknaegel.de%2Fes%2Fwp-content%2Fplugins%2Fshariff%2Fimages%2FdefaultHint.png&description=Fabricantes%20de%20esmaltes%20de%20u%C3%B1as%20halal\" title=\"Ahorrar en Pinterest\" aria-label=\"Ahorrar en Pinterest\" role=\"button\" rel=\"noopener nofollow\" class=\"shariff-link\" style=\";border-radius:25%; background-color:#cb2027; color:#fff\" target=\"_blank\"><span class=\"shariff-icon\" style=\"\"><svg width=\"32px\" height=\"20px\" xmlns=\"http:\/\/www.w3.org\/2000\/svg\" viewBox=\"0 0 27 32\"><path fill=\"#cb2027\" d=\"M27.4 16q0 3.7-1.8 6.9t-5 5-6.9 1.9q-2 0-3.9-0.6 1.1-1.7 1.4-2.9 0.2-0.6 1-3.8 0.4 0.7 1.3 1.2t2 0.5q2.1 0 3.8-1.2t2.7-3.4 0.9-4.8q0-2-1.1-3.8t-3.1-2.9-4.5-1.2q-1.9 0-3.5 0.5t-2.8 1.4-2 2-1.2 2.3-0.4 2.4q0 1.9 0.7 3.3t2.1 2q0.5 0.2 0.7-0.4 0-0.1 0.1-0.5t0.2-0.5q0.1-0.4-0.2-0.8-0.9-1.1-0.9-2.7 0-2.7 1.9-4.6t4.9-2q2.7 0 4.2 1.5t1.5 3.8q0 3-1.2 5.2t-3.1 2.1q-1.1 0-1.7-0.8t-0.4-1.9q0.1-0.6 0.5-1.7t0.5-1.8 0.2-1.4q0-0.9-0.5-1.5t-1.4-0.6q-1.1 0-1.9 1t-0.8 2.6q0 1.3 0.4 2.2l-1.8 7.5q-0.3 1.2-0.2 3.2-3.7-1.6-6-5t-2.3-7.6q0-3.7 1.9-6.9t5-5 6.9-1.9 6.9 1.9 5 5 1.8 6.9z\"\/><\/svg><\/span><\/a><\/li><li class=\"shariff-button reddit shariff-nocustomcolor\" style=\"background-color:#ff5700;border-radius:25%\"><a href=\"https:\/\/www.reddit.com\/submit?url=https%3A%2F%2Fwww.schmucknaegel.de%2Fes%2Ffabricantes-esmaltes-unas-halal%2F\" title=\"Compartir en Reddit\" aria-label=\"Compartir en Reddit\" role=\"button\" rel=\"noopener nofollow\" class=\"shariff-link\" style=\";border-radius:25%; background-color:#ff4500; color:#fff\" target=\"_blank\"><span class=\"shariff-icon\" style=\"\"><svg xmlns=\"http:\/\/www.w3.org\/2000\/svg\" viewBox=\"0 0 512 512\"><path fill=\"#ff4500\" d=\"M440.3 203.5c-15 0-28.2 6.2-37.9 15.9-35.7-24.7-83.8-40.6-137.1-42.3L293 52.3l88.2 19.8c0 21.6 17.6 39.2 39.2 39.2 22 0 39.7-18.1 39.7-39.7s-17.6-39.7-39.7-39.7c-15.4 0-28.7 9.3-35.3 22l-97.4-21.6c-4.9-1.3-9.7 2.2-11 7.1L246.3 177c-52.9 2.2-100.5 18.1-136.3 42.8-9.7-10.1-23.4-16.3-38.4-16.3-55.6 0-73.8 74.6-22.9 100.1-1.8 7.9-2.6 16.3-2.6 24.7 0 83.8 94.4 151.7 210.3 151.7 116.4 0 210.8-67.9 210.8-151.7 0-8.4-.9-17.2-3.1-25.1 49.9-25.6 31.5-99.7-23.8-99.7zM129.4 308.9c0-22 17.6-39.7 39.7-39.7 21.6 0 39.2 17.6 39.2 39.7 0 21.6-17.6 39.2-39.2 39.2-22 .1-39.7-17.6-39.7-39.2zm214.3 93.5c-36.4 36.4-139.1 36.4-175.5 0-4-3.5-4-9.7 0-13.7 3.5-3.5 9.7-3.5 13.2 0 27.8 28.5 120 29 149 0 3.5-3.5 9.7-3.5 13.2 0 4.1 4 4.1 10.2.1 13.7zm-.8-54.2c-21.6 0-39.2-17.6-39.2-39.2 0-22 17.6-39.7 39.2-39.7 22 0 39.7 17.6 39.7 39.7-.1 21.5-17.7 39.2-39.7 39.2z\"\/><\/svg><\/span><\/a><\/li><li class=\"shariff-button info shariff-nocustomcolor\" style=\"background-color:#eee;border-radius:25%\"><a href=\"http:\/\/ct.de\/-2467514\" title=\"M\u00e1s informaciones\" aria-label=\"M\u00e1s informaciones\" role=\"button\" rel=\"noopener \" class=\"shariff-link\" style=\";border-radius:25%; background-color:#fff; color:#fff\" target=\"_blank\"><span class=\"shariff-icon\" style=\"\"><svg width=\"32px\" height=\"20px\" xmlns=\"http:\/\/www.w3.org\/2000\/svg\" viewBox=\"0 0 11 32\"><path fill=\"#999\" d=\"M11.4 24v2.3q0 0.5-0.3 0.8t-0.8 0.4h-9.1q-0.5 0-0.8-0.4t-0.4-0.8v-2.3q0-0.5 0.4-0.8t0.8-0.4h1.1v-6.8h-1.1q-0.5 0-0.8-0.4t-0.4-0.8v-2.3q0-0.5 0.4-0.8t0.8-0.4h6.8q0.5 0 0.8 0.4t0.4 0.8v10.3h1.1q0.5 0 0.8 0.4t0.3 0.8zM9.2 3.4v3.4q0 0.5-0.4 0.8t-0.8 0.4h-4.6q-0.4 0-0.8-0.4t-0.4-0.8v-3.4q0-0.4 0.4-0.8t0.8-0.4h4.6q0.5 0 0.8 0.4t0.4 0.8z\"\/><\/svg><\/span><\/a><\/li><\/ul><\/div>Fabricantes para esmaltes de u\u00f1as halal Los esmaltes de u\u00f1as halal son esmaltes de u\u00f1as que son permeables al agua y al aire y, adem\u00e1s, no contienen ciertos ingredientes (p. ej. alcohol, formaldeh\u00eddo, tolueno, alcanfor, etc.). Seg\u00fan los fabricantes que ofrecen esmaltes de u\u00f1as halal, pueden los musulmanes usar estos\u2026<p> <a class=\"continue-reading-link\" href=\"https:\/\/www.schmucknaegel.de\/es\/fabricantes-esmaltes-unas-halal\/\"><span>Leer mas<\/span><i class=\"crycon-right-dir\"><\/i><\/a> <\/p>","protected":false},"author":1,"featured_media":0,"parent":0,"menu_order":0,"comment_status":"closed","ping_status":"closed","template":"","meta":{"footnotes":""},"tags":[94,99],"class_list":["post-6125","page","type-page","status-publish","hentry","tag-esmaltes-de-unas","tag-halal"],"yoast_head":"<!-- This site is optimized with the Yoast SEO plugin v27.2 - https:\/\/yoast.com\/product\/yoast-seo-wordpress\/ -->\n<title>Fabricantes de esmaltes de u\u00f1as halal - Dise\u00f1os de u\u00f1as<\/title>\n<meta name=\"description\" content=\"Fabricantes de esmaltes de u\u00f1as halal \u2013 Aqu\u00ed encontrar\u00e1 una lista de fabricantes que producen esmaltes de u\u00f1as halal con sellos de calidad.\" \/>\n<meta name=\"robots\" content=\"index, follow, max-snippet:-1, max-image-preview:large, max-video-preview:-1\" \/>\n<link rel=\"canonical\" href=\"https:\/\/www.schmucknaegel.de\/es\/fabricantes-esmaltes-unas-halal\/\" \/>\n<meta property=\"og:locale\" content=\"es_ES\" \/>\n<meta property=\"og:type\" content=\"article\" \/>\n<meta property=\"og:title\" content=\"Fabricantes de esmaltes de u\u00f1as halal - Dise\u00f1os de u\u00f1as\" \/>\n<meta property=\"og:description\" content=\"Fabricantes de esmaltes de u\u00f1as halal \u2013 Aqu\u00ed encontrar\u00e1 una lista de fabricantes que producen esmaltes de u\u00f1as halal con sellos de calidad.\" \/>\n<meta property=\"og:url\" content=\"https:\/\/www.schmucknaegel.de\/es\/fabricantes-esmaltes-unas-halal\/\" \/>\n<meta property=\"og:site_name\" content=\"Dise\u00f1os de u\u00f1as\" \/>\n<meta property=\"article:publisher\" content=\"https:\/\/www.facebook.com\/unas.decoradas\/\" \/>\n<meta property=\"article:modified_time\" content=\"2018-07-16T13:22:16+00:00\" \/>\n<meta name=\"twitter:card\" content=\"summary_large_image\" \/>\n<meta name=\"twitter:site\" content=\"@schmucknaegel\" \/>\n<meta name=\"twitter:label1\" content=\"Tiempo de lectura\" \/>\n\t<meta name=\"twitter:data1\" content=\"5 minutos\" \/>\n<script type=\"application\/ld+json\" class=\"yoast-schema-graph\">{\"@context\":\"https:\/\/schema.org\",\"@graph\":[{\"@type\":\"WebPage\",\"@id\":\"https:\/\/www.schmucknaegel.de\/es\/fabricantes-esmaltes-unas-halal\/\",\"url\":\"https:\/\/www.schmucknaegel.de\/es\/fabricantes-esmaltes-unas-halal\/\",\"name\":\"Fabricantes de esmaltes de u\u00f1as halal - Dise\u00f1os de u\u00f1as\",\"isPartOf\":{\"@id\":\"https:\/\/www.schmucknaegel.de\/es\/#website\"},\"datePublished\":\"2018-07-12T09:43:12+00:00\",\"dateModified\":\"2018-07-16T13:22:16+00:00\",\"description\":\"Fabricantes de esmaltes de u\u00f1as halal \u2013 Aqu\u00ed encontrar\u00e1 una lista de fabricantes que producen esmaltes de u\u00f1as halal con sellos de calidad.\",\"breadcrumb\":{\"@id\":\"https:\/\/www.schmucknaegel.de\/es\/fabricantes-esmaltes-unas-halal\/#breadcrumb\"},\"inLanguage\":\"es\",\"potentialAction\":[{\"@type\":\"ReadAction\",\"target\":[\"https:\/\/www.schmucknaegel.de\/es\/fabricantes-esmaltes-unas-halal\/\"]}]},{\"@type\":\"BreadcrumbList\",\"@id\":\"https:\/\/www.schmucknaegel.de\/es\/fabricantes-esmaltes-unas-halal\/#breadcrumb\",\"itemListElement\":[{\"@type\":\"ListItem\",\"position\":1,\"name\":\"Portada\",\"item\":\"https:\/\/www.schmucknaegel.de\/es\/\"},{\"@type\":\"ListItem\",\"position\":2,\"name\":\"Fabricantes de esmaltes de u\u00f1as halal\"}]},{\"@type\":\"WebSite\",\"@id\":\"https:\/\/www.schmucknaegel.de\/es\/#website\",\"url\":\"https:\/\/www.schmucknaegel.de\/es\/\",\"name\":\"Dise\u00f1os de u\u00f1as\",\"description\":\"para u\u00f1as hermosas\",\"potentialAction\":[{\"@type\":\"SearchAction\",\"target\":{\"@type\":\"EntryPoint\",\"urlTemplate\":\"https:\/\/www.schmucknaegel.de\/es\/?s={search_term_string}\"},\"query-input\":{\"@type\":\"PropertyValueSpecification\",\"valueRequired\":true,\"valueName\":\"search_term_string\"}}],\"inLanguage\":\"es\"}]}<\/script>\n<!-- \/ Yoast SEO plugin. -->","yoast_head_json":{"title":"Fabricantes de esmaltes de u\u00f1as halal - Dise\u00f1os de u\u00f1as","description":"Fabricantes de esmaltes de u\u00f1as halal \u2013 Aqu\u00ed encontrar\u00e1 una lista de fabricantes que producen esmaltes de u\u00f1as halal con sellos de calidad.","robots":{"index":"index","follow":"follow","max-snippet":"max-snippet:-1","max-image-preview":"max-image-preview:large","max-video-preview":"max-video-preview:-1"},"canonical":"https:\/\/www.schmucknaegel.de\/es\/fabricantes-esmaltes-unas-halal\/","og_locale":"es_ES","og_type":"article","og_title":"Fabricantes de esmaltes de u\u00f1as halal - Dise\u00f1os de u\u00f1as","og_description":"Fabricantes de esmaltes de u\u00f1as halal \u2013 Aqu\u00ed encontrar\u00e1 una lista de fabricantes que producen esmaltes de u\u00f1as halal con sellos de calidad.","og_url":"https:\/\/www.schmucknaegel.de\/es\/fabricantes-esmaltes-unas-halal\/","og_site_name":"Dise\u00f1os de u\u00f1as","article_publisher":"https:\/\/www.facebook.com\/unas.decoradas\/","article_modified_time":"2018-07-16T13:22:16+00:00","twitter_card":"summary_large_image","twitter_site":"@schmucknaegel","twitter_misc":{"Tiempo de lectura":"5 minutos"},"schema":{"@context":"https:\/\/schema.org","@graph":[{"@type":"WebPage","@id":"https:\/\/www.schmucknaegel.de\/es\/fabricantes-esmaltes-unas-halal\/","url":"https:\/\/www.schmucknaegel.de\/es\/fabricantes-esmaltes-unas-halal\/","name":"Fabricantes de esmaltes de u\u00f1as halal - Dise\u00f1os de u\u00f1as","isPartOf":{"@id":"https:\/\/www.schmucknaegel.de\/es\/#website"},"datePublished":"2018-07-12T09:43:12+00:00","dateModified":"2018-07-16T13:22:16+00:00","description":"Fabricantes de esmaltes de u\u00f1as halal \u2013 Aqu\u00ed encontrar\u00e1 una lista de fabricantes que producen esmaltes de u\u00f1as halal con sellos de calidad.","breadcrumb":{"@id":"https:\/\/www.schmucknaegel.de\/es\/fabricantes-esmaltes-unas-halal\/#breadcrumb"},"inLanguage":"es","potentialAction":[{"@type":"ReadAction","target":["https:\/\/www.schmucknaegel.de\/es\/fabricantes-esmaltes-unas-halal\/"]}]},{"@type":"BreadcrumbList","@id":"https:\/\/www.schmucknaegel.de\/es\/fabricantes-esmaltes-unas-halal\/#breadcrumb","itemListElement":[{"@type":"ListItem","position":1,"name":"Portada","item":"https:\/\/www.schmucknaegel.de\/es\/"},{"@type":"ListItem","position":2,"name":"Fabricantes de esmaltes de u\u00f1as halal"}]},{"@type":"WebSite","@id":"https:\/\/www.schmucknaegel.de\/es\/#website","url":"https:\/\/www.schmucknaegel.de\/es\/","name":"Dise\u00f1os de u\u00f1as","description":"para u\u00f1as hermosas","potentialAction":[{"@type":"SearchAction","target":{"@type":"EntryPoint","urlTemplate":"https:\/\/www.schmucknaegel.de\/es\/?s={search_term_string}"},"query-input":{"@type":"PropertyValueSpecification","valueRequired":true,"valueName":"search_term_string"}}],"inLanguage":"es"}]}},"_links":{"self":[{"href":"https:\/\/www.schmucknaegel.de\/es\/wp-json\/wp\/v2\/pages\/6125","targetHints":{"allow":["GET"]}}],"collection":[{"href":"https:\/\/www.schmucknaegel.de\/es\/wp-json\/wp\/v2\/pages"}],"about":[{"href":"https:\/\/www.schmucknaegel.de\/es\/wp-json\/wp\/v2\/types\/page"}],"author":[{"embeddable":true,"href":"https:\/\/www.schmucknaegel.de\/es\/wp-json\/wp\/v2\/users\/1"}],"replies":[{"embeddable":true,"href":"https:\/\/www.schmucknaegel.de\/es\/wp-json\/wp\/v2\/comments?post=6125"}],"version-history":[{"count":0,"href":"https:\/\/www.schmucknaegel.de\/es\/wp-json\/wp\/v2\/pages\/6125\/revisions"}],"wp:attachment":[{"href":"https:\/\/www.schmucknaegel.de\/es\/wp-json\/wp\/v2\/media?parent=6125"}],"wp:term":[{"taxonomy":"post_tag","embeddable":true,"href":"https:\/\/www.schmucknaegel.de\/es\/wp-json\/wp\/v2\/tags?post=6125"}],"curies":[{"name":"wp","href":"https:\/\/api.w.org\/{rel}","templated":true}]}}