{"id":6024,"date":"2018-05-09T16:47:28","date_gmt":"2018-05-09T14:47:28","guid":{"rendered":"https:\/\/www.schmucknaegel.de\/es\/?page_id=6024"},"modified":"2018-06-26T17:36:16","modified_gmt":"2018-06-26T15:36:16","slug":"utensilios-unas","status":"publish","type":"page","link":"https:\/\/www.schmucknaegel.de\/es\/utensilios-unas\/","title":{"rendered":"Utensilios de u\u00f1as"},"content":{"rendered":"<div style=\"clear: both;\">\r\n<h2 id=\"informacion-interesante-sobre-los-utensilios-de-unas\">Informaci\u00f3n interesante sobre los utensilios de u\u00f1as<\/h2>\r\n<p>Nuestros art\u00edculos en la categor\u00eda utensilios de u\u00f1as le informar\u00e1n sobre todos los utensilios para las u\u00f1as. Encontrar\u00e1 art\u00edculos sobre utensilios como limas de u\u00f1as o torno de u\u00f1as  y,  por ejemplo, art\u00edculos sobre kit para el cuidado de u\u00f1as o kit principiante para modelar las u\u00f1as. El cuidado de las u\u00f1as es lo m\u00e1s importante. Si te presentas a una persona, extiendes tu mano a la otra persona para saludarla. Por lo tanto, son las manos y tambi\u00e9n las u\u00f1as, las que forman parte de un aspecto exterior bien cuidado. En algunas culturas, las u\u00f1as elaboradamente decoradas son vistas como un s\u00edmbolo de estatus. Este ya era el caso en la <a href=\"https:\/\/www.schmucknaegel.de\/es\/unas-decoradas\/\" title=\"U\u00f1as decoradas: De la antig\u00fcedad hasta nuestros d\u00edas\"><strong>antig\u00fcedad<\/strong><\/a>, cuando las mujeres nobles coloreaban sus u\u00f1as y las adornaban con plata y oro. Cuida y embellece tus u\u00f1as para llamar la atenci\u00f3n y expresar tu aspecto.<\/p>\r\n<p>Para cuidar nuestras u\u00f1as y tenerlas bonitas, hay muchos utensilios de u\u00f1as. Utilizamos limas de u\u00f1as, tijeras para u\u00f1as, empujador de cut\u00edcula (<abbr title=\"por ejemplo\">p. ej.<\/abbr> palito de naranjo) o  torno de u\u00f1as, extractor de polvo de u\u00f1as y l\u00e1mpara UV para modelar las u\u00f1as con gel. Con estos y otros utensilios cuidamos nuestras u\u00f1as y le damos la forma deseada. U\u00f1as redondas, u\u00f1as con punta de lanza o cuadradas, cortas o largas &#8211; todas forman sus u\u00f1as como m\u00e1s le gusten.<\/p>\r\n<script async src=\"\/\/pagead2.googlesyndication.com\/pagead\/js\/adsbygoogle.js\"><\/script>\r\n<ins class=\"adsbygoogle\"\r\n     style=\"display:block; text-align:center;\"\r\n     data-ad-format=\"fluid\"\r\n     data-ad-layout=\"in-article\"\r\n     data-ad-client=\"ca-pub-4740760903033421\"\r\n     data-ad-slot=\"1912020504\"><\/ins>\r\n<script>\r\n     (adsbygoogle = window.adsbygoogle || []).push({});\r\n<\/script>\r\n<p class=\"sn-ad-in-article-abstand-oben\">\u00bfQu\u00e9 debe usar: lima de u\u00f1as o tijeras para u\u00f1as? Si utiliza una lima de u\u00f1as, \u00bfcu\u00e1l es la mejor: la lima de vidrio, lima de metal o la lima de lija para u\u00f1as (lima de u\u00f1as de papel de lija)? \u00bfEn qu\u00e9 gama de precios debe estar un torno de u\u00f1as? \u00bfQu\u00e9 fresas para torno de u\u00f1as se adaptan mejor a cada \u00e1rea de la u\u00f1a? Lea los art\u00edculos y descubra las respuestas a estas y otras preguntas m\u00e1s, en la categor\u00eda utensilios de u\u00f1as.<\/p>\r\n<p>Aqu\u00ed tambi\u00e9n encontrar\u00e1 art\u00edculos sobre varios kits principiante para las u\u00f1as. Entre ellos, por ejemplo, un art\u00edculo sobre un kit para el cuidado de las u\u00f1as. \u00bfQu\u00e9 utensilios son necesarios para cuidar las u\u00f1as? \u00bfCu\u00e1nto dinero deber\u00eda invertir en utensilios para el cuidado de las u\u00f1as? Aqu\u00ed tambi\u00e9n encontrar\u00e1 algo sobre las u\u00f1as de gel. \u00bfQu\u00e9 utensilios necesitan los principiantes para modelar las u\u00f1as? Nuestros art\u00edculos le informan sobre diversos utensilios de u\u00f1as. Lea los art\u00edculos y aprenda m\u00e1s sobre los utensilios de u\u00f1as.<\/p>\r\n<\/div>","protected":false},"excerpt":{"rendered":"<div class=\"shariff shariff-align-flex-start shariff-widget-align-flex-start\"><ul class=\"shariff-buttons theme-round orientation-horizontal buttonsize-medium\"><li class=\"shariff-button facebook shariff-nocustomcolor\" style=\"background-color:#4273c8;border-radius:25%\"><a href=\"https:\/\/www.facebook.com\/sharer\/sharer.php?u=https%3A%2F%2Fwww.schmucknaegel.de%2Fes%2Futensilios-unas%2F\" title=\"Compartir en Facebook\" aria-label=\"Compartir en Facebook\" role=\"button\" rel=\"nofollow\" class=\"shariff-link\" style=\";border-radius:25%; background-color:#3b5998; color:#fff\" target=\"_blank\"><span class=\"shariff-icon\" style=\"\"><svg width=\"32px\" height=\"20px\" xmlns=\"http:\/\/www.w3.org\/2000\/svg\" viewBox=\"0 0 18 32\"><path fill=\"#3b5998\" d=\"M17.1 0.2v4.7h-2.8q-1.5 0-2.1 0.6t-0.5 1.9v3.4h5.2l-0.7 5.3h-4.5v13.6h-5.5v-13.6h-4.5v-5.3h4.5v-3.9q0-3.3 1.9-5.2t5-1.8q2.6 0 4.1 0.2z\"\/><\/svg><\/span><\/a><\/li><li class=\"shariff-button twitter shariff-nocustomcolor\" style=\"background-color:#595959;border-radius:25%\"><a href=\"https:\/\/twitter.com\/share?url=https%3A%2F%2Fwww.schmucknaegel.de%2Fes%2Futensilios-unas%2F&text=Utensilios%20de%20u%C3%B1as\" title=\"Compartir en X\" aria-label=\"Compartir en X\" role=\"button\" rel=\"noopener nofollow\" class=\"shariff-link\" style=\";border-radius:25%; background-color:#000; color:#fff\" target=\"_blank\"><span class=\"shariff-icon\" style=\"\"><svg width=\"32px\" height=\"20px\" xmlns=\"http:\/\/www.w3.org\/2000\/svg\" viewBox=\"0 0 24 24\"><path fill=\"#000\" d=\"M14.258 10.152L23.176 0h-2.113l-7.747 8.813L7.133 0H0l9.352 13.328L0 23.973h2.113l8.176-9.309 6.531 9.309h7.133zm-2.895 3.293l-.949-1.328L2.875 1.56h3.246l6.086 8.523.945 1.328 7.91 11.078h-3.246zm0 0\"\/><\/svg><\/span><\/a><\/li><li class=\"shariff-button pinterest shariff-nocustomcolor\" style=\"background-color:#e70f18;border-radius:25%\"><a href=\"https:\/\/www.pinterest.com\/pin\/create\/link\/?url=https%3A%2F%2Fwww.schmucknaegel.de%2Fes%2Futensilios-unas%2F&media=https%3A%2F%2Fwww.schmucknaegel.de%2Fes%2Fwp-content%2Fplugins%2Fshariff%2Fimages%2FdefaultHint.png&description=Utensilios%20de%20u%C3%B1as\" title=\"Ahorrar en Pinterest\" aria-label=\"Ahorrar en Pinterest\" role=\"button\" rel=\"noopener nofollow\" class=\"shariff-link\" style=\";border-radius:25%; background-color:#cb2027; color:#fff\" target=\"_blank\"><span class=\"shariff-icon\" style=\"\"><svg width=\"32px\" height=\"20px\" xmlns=\"http:\/\/www.w3.org\/2000\/svg\" viewBox=\"0 0 27 32\"><path fill=\"#cb2027\" d=\"M27.4 16q0 3.7-1.8 6.9t-5 5-6.9 1.9q-2 0-3.9-0.6 1.1-1.7 1.4-2.9 0.2-0.6 1-3.8 0.4 0.7 1.3 1.2t2 0.5q2.1 0 3.8-1.2t2.7-3.4 0.9-4.8q0-2-1.1-3.8t-3.1-2.9-4.5-1.2q-1.9 0-3.5 0.5t-2.8 1.4-2 2-1.2 2.3-0.4 2.4q0 1.9 0.7 3.3t2.1 2q0.5 0.2 0.7-0.4 0-0.1 0.1-0.5t0.2-0.5q0.1-0.4-0.2-0.8-0.9-1.1-0.9-2.7 0-2.7 1.9-4.6t4.9-2q2.7 0 4.2 1.5t1.5 3.8q0 3-1.2 5.2t-3.1 2.1q-1.1 0-1.7-0.8t-0.4-1.9q0.1-0.6 0.5-1.7t0.5-1.8 0.2-1.4q0-0.9-0.5-1.5t-1.4-0.6q-1.1 0-1.9 1t-0.8 2.6q0 1.3 0.4 2.2l-1.8 7.5q-0.3 1.2-0.2 3.2-3.7-1.6-6-5t-2.3-7.6q0-3.7 1.9-6.9t5-5 6.9-1.9 6.9 1.9 5 5 1.8 6.9z\"\/><\/svg><\/span><\/a><\/li><li class=\"shariff-button reddit shariff-nocustomcolor\" style=\"background-color:#ff5700;border-radius:25%\"><a href=\"https:\/\/www.reddit.com\/submit?url=https%3A%2F%2Fwww.schmucknaegel.de%2Fes%2Futensilios-unas%2F\" title=\"Compartir en Reddit\" aria-label=\"Compartir en Reddit\" role=\"button\" rel=\"noopener nofollow\" class=\"shariff-link\" style=\";border-radius:25%; background-color:#ff4500; color:#fff\" target=\"_blank\"><span class=\"shariff-icon\" style=\"\"><svg xmlns=\"http:\/\/www.w3.org\/2000\/svg\" viewBox=\"0 0 512 512\"><path fill=\"#ff4500\" d=\"M440.3 203.5c-15 0-28.2 6.2-37.9 15.9-35.7-24.7-83.8-40.6-137.1-42.3L293 52.3l88.2 19.8c0 21.6 17.6 39.2 39.2 39.2 22 0 39.7-18.1 39.7-39.7s-17.6-39.7-39.7-39.7c-15.4 0-28.7 9.3-35.3 22l-97.4-21.6c-4.9-1.3-9.7 2.2-11 7.1L246.3 177c-52.9 2.2-100.5 18.1-136.3 42.8-9.7-10.1-23.4-16.3-38.4-16.3-55.6 0-73.8 74.6-22.9 100.1-1.8 7.9-2.6 16.3-2.6 24.7 0 83.8 94.4 151.7 210.3 151.7 116.4 0 210.8-67.9 210.8-151.7 0-8.4-.9-17.2-3.1-25.1 49.9-25.6 31.5-99.7-23.8-99.7zM129.4 308.9c0-22 17.6-39.7 39.7-39.7 21.6 0 39.2 17.6 39.2 39.7 0 21.6-17.6 39.2-39.2 39.2-22 .1-39.7-17.6-39.7-39.2zm214.3 93.5c-36.4 36.4-139.1 36.4-175.5 0-4-3.5-4-9.7 0-13.7 3.5-3.5 9.7-3.5 13.2 0 27.8 28.5 120 29 149 0 3.5-3.5 9.7-3.5 13.2 0 4.1 4 4.1 10.2.1 13.7zm-.8-54.2c-21.6 0-39.2-17.6-39.2-39.2 0-22 17.6-39.7 39.2-39.7 22 0 39.7 17.6 39.7 39.7-.1 21.5-17.7 39.2-39.7 39.2z\"\/><\/svg><\/span><\/a><\/li><li class=\"shariff-button info shariff-nocustomcolor\" style=\"background-color:#eee;border-radius:25%\"><a href=\"http:\/\/ct.de\/-2467514\" title=\"M\u00e1s informaciones\" aria-label=\"M\u00e1s informaciones\" role=\"button\" rel=\"noopener \" class=\"shariff-link\" style=\";border-radius:25%; background-color:#fff; color:#fff\" target=\"_blank\"><span class=\"shariff-icon\" style=\"\"><svg width=\"32px\" height=\"20px\" xmlns=\"http:\/\/www.w3.org\/2000\/svg\" viewBox=\"0 0 11 32\"><path fill=\"#999\" d=\"M11.4 24v2.3q0 0.5-0.3 0.8t-0.8 0.4h-9.1q-0.5 0-0.8-0.4t-0.4-0.8v-2.3q0-0.5 0.4-0.8t0.8-0.4h1.1v-6.8h-1.1q-0.5 0-0.8-0.4t-0.4-0.8v-2.3q0-0.5 0.4-0.8t0.8-0.4h6.8q0.5 0 0.8 0.4t0.4 0.8v10.3h1.1q0.5 0 0.8 0.4t0.3 0.8zM9.2 3.4v3.4q0 0.5-0.4 0.8t-0.8 0.4h-4.6q-0.4 0-0.8-0.4t-0.4-0.8v-3.4q0-0.4 0.4-0.8t0.8-0.4h4.6q0.5 0 0.8 0.4t0.4 0.8z\"\/><\/svg><\/span><\/a><\/li><\/ul><\/div>Informaci\u00f3n interesante sobre los utensilios de u\u00f1as Nuestros art\u00edculos en la categor\u00eda utensilios de u\u00f1as le informar\u00e1n sobre todos los utensilios para las u\u00f1as. Encontrar\u00e1 art\u00edculos sobre utensilios como limas de u\u00f1as o torno de u\u00f1as y, por ejemplo, art\u00edculos sobre kit para el cuidado de u\u00f1as o kit principiante\u2026<p> <a class=\"continue-reading-link\" href=\"https:\/\/www.schmucknaegel.de\/es\/utensilios-unas\/\"><span>Leer mas<\/span><i class=\"crycon-right-dir\"><\/i><\/a> <\/p>","protected":false},"author":1,"featured_media":0,"parent":0,"menu_order":0,"comment_status":"closed","ping_status":"closed","template":"zubehoer-fingernagelkosmetik.php","meta":{"footnotes":""},"tags":[],"class_list":["post-6024","page","type-page","status-publish","hentry"],"yoast_head":"<!-- This site is optimized with the Yoast SEO plugin v27.2 - https:\/\/yoast.com\/product\/yoast-seo-wordpress\/ -->\n<title>Utensilios de u\u00f1as - Dise\u00f1os de u\u00f1as<\/title>\n<meta name=\"description\" content=\"Informaci\u00f3n interesante sobre los utensilios de u\u00f1as \u2013 Art\u00edculos sobre utensilios (p.\u00a0ej. limas de u\u00f1as) y kit (p.\u00a0ej. para el cuidado de u\u00f1as).\" \/>\n<meta name=\"robots\" content=\"index, follow, max-snippet:-1, max-image-preview:large, max-video-preview:-1\" \/>\n<link rel=\"canonical\" href=\"https:\/\/www.schmucknaegel.de\/es\/utensilios-unas\/\" \/>\n<meta property=\"og:locale\" content=\"es_ES\" \/>\n<meta property=\"og:type\" content=\"article\" \/>\n<meta property=\"og:title\" content=\"Utensilios de u\u00f1as - Dise\u00f1os de u\u00f1as\" \/>\n<meta property=\"og:description\" content=\"Informaci\u00f3n interesante sobre los utensilios de u\u00f1as \u2013 Art\u00edculos sobre utensilios (p.\u00a0ej. limas de u\u00f1as) y kit (p.\u00a0ej. para el cuidado de u\u00f1as).\" \/>\n<meta property=\"og:url\" content=\"https:\/\/www.schmucknaegel.de\/es\/utensilios-unas\/\" \/>\n<meta property=\"og:site_name\" content=\"Dise\u00f1os de u\u00f1as\" \/>\n<meta property=\"article:publisher\" content=\"https:\/\/www.facebook.com\/unas.decoradas\/\" \/>\n<meta property=\"article:modified_time\" content=\"2018-06-26T15:36:16+00:00\" \/>\n<meta name=\"twitter:card\" content=\"summary_large_image\" \/>\n<meta name=\"twitter:site\" content=\"@schmucknaegel\" \/>\n<meta name=\"twitter:label1\" content=\"Tiempo de lectura\" \/>\n\t<meta name=\"twitter:data1\" content=\"2 minutos\" \/>\n<script type=\"application\/ld+json\" class=\"yoast-schema-graph\">{\"@context\":\"https:\/\/schema.org\",\"@graph\":[{\"@type\":\"WebPage\",\"@id\":\"https:\/\/www.schmucknaegel.de\/es\/utensilios-unas\/\",\"url\":\"https:\/\/www.schmucknaegel.de\/es\/utensilios-unas\/\",\"name\":\"Utensilios de u\u00f1as - Dise\u00f1os de u\u00f1as\",\"isPartOf\":{\"@id\":\"https:\/\/www.schmucknaegel.de\/es\/#website\"},\"datePublished\":\"2018-05-09T14:47:28+00:00\",\"dateModified\":\"2018-06-26T15:36:16+00:00\",\"description\":\"Informaci\u00f3n interesante sobre los utensilios de u\u00f1as \u2013 Art\u00edculos sobre utensilios (p.\u00a0ej. limas de u\u00f1as) y kit (p.\u00a0ej. para el cuidado de u\u00f1as).\",\"breadcrumb\":{\"@id\":\"https:\/\/www.schmucknaegel.de\/es\/utensilios-unas\/#breadcrumb\"},\"inLanguage\":\"es\",\"potentialAction\":[{\"@type\":\"ReadAction\",\"target\":[\"https:\/\/www.schmucknaegel.de\/es\/utensilios-unas\/\"]}]},{\"@type\":\"BreadcrumbList\",\"@id\":\"https:\/\/www.schmucknaegel.de\/es\/utensilios-unas\/#breadcrumb\",\"itemListElement\":[{\"@type\":\"ListItem\",\"position\":1,\"name\":\"Portada\",\"item\":\"https:\/\/www.schmucknaegel.de\/es\/\"},{\"@type\":\"ListItem\",\"position\":2,\"name\":\"Utensilios de u\u00f1as\"}]},{\"@type\":\"WebSite\",\"@id\":\"https:\/\/www.schmucknaegel.de\/es\/#website\",\"url\":\"https:\/\/www.schmucknaegel.de\/es\/\",\"name\":\"Dise\u00f1os de u\u00f1as\",\"description\":\"para u\u00f1as hermosas\",\"potentialAction\":[{\"@type\":\"SearchAction\",\"target\":{\"@type\":\"EntryPoint\",\"urlTemplate\":\"https:\/\/www.schmucknaegel.de\/es\/?s={search_term_string}\"},\"query-input\":{\"@type\":\"PropertyValueSpecification\",\"valueRequired\":true,\"valueName\":\"search_term_string\"}}],\"inLanguage\":\"es\"}]}<\/script>\n<!-- \/ Yoast SEO plugin. -->","yoast_head_json":{"title":"Utensilios de u\u00f1as - Dise\u00f1os de u\u00f1as","description":"Informaci\u00f3n interesante sobre los utensilios de u\u00f1as \u2013 Art\u00edculos sobre utensilios (p.\u00a0ej. limas de u\u00f1as) y kit (p.\u00a0ej. para el cuidado de u\u00f1as).","robots":{"index":"index","follow":"follow","max-snippet":"max-snippet:-1","max-image-preview":"max-image-preview:large","max-video-preview":"max-video-preview:-1"},"canonical":"https:\/\/www.schmucknaegel.de\/es\/utensilios-unas\/","og_locale":"es_ES","og_type":"article","og_title":"Utensilios de u\u00f1as - Dise\u00f1os de u\u00f1as","og_description":"Informaci\u00f3n interesante sobre los utensilios de u\u00f1as \u2013 Art\u00edculos sobre utensilios (p.\u00a0ej. limas de u\u00f1as) y kit (p.\u00a0ej. para el cuidado de u\u00f1as).","og_url":"https:\/\/www.schmucknaegel.de\/es\/utensilios-unas\/","og_site_name":"Dise\u00f1os de u\u00f1as","article_publisher":"https:\/\/www.facebook.com\/unas.decoradas\/","article_modified_time":"2018-06-26T15:36:16+00:00","twitter_card":"summary_large_image","twitter_site":"@schmucknaegel","twitter_misc":{"Tiempo de lectura":"2 minutos"},"schema":{"@context":"https:\/\/schema.org","@graph":[{"@type":"WebPage","@id":"https:\/\/www.schmucknaegel.de\/es\/utensilios-unas\/","url":"https:\/\/www.schmucknaegel.de\/es\/utensilios-unas\/","name":"Utensilios de u\u00f1as - Dise\u00f1os de u\u00f1as","isPartOf":{"@id":"https:\/\/www.schmucknaegel.de\/es\/#website"},"datePublished":"2018-05-09T14:47:28+00:00","dateModified":"2018-06-26T15:36:16+00:00","description":"Informaci\u00f3n interesante sobre los utensilios de u\u00f1as \u2013 Art\u00edculos sobre utensilios (p.\u00a0ej. limas de u\u00f1as) y kit (p.\u00a0ej. para el cuidado de u\u00f1as).","breadcrumb":{"@id":"https:\/\/www.schmucknaegel.de\/es\/utensilios-unas\/#breadcrumb"},"inLanguage":"es","potentialAction":[{"@type":"ReadAction","target":["https:\/\/www.schmucknaegel.de\/es\/utensilios-unas\/"]}]},{"@type":"BreadcrumbList","@id":"https:\/\/www.schmucknaegel.de\/es\/utensilios-unas\/#breadcrumb","itemListElement":[{"@type":"ListItem","position":1,"name":"Portada","item":"https:\/\/www.schmucknaegel.de\/es\/"},{"@type":"ListItem","position":2,"name":"Utensilios de u\u00f1as"}]},{"@type":"WebSite","@id":"https:\/\/www.schmucknaegel.de\/es\/#website","url":"https:\/\/www.schmucknaegel.de\/es\/","name":"Dise\u00f1os de u\u00f1as","description":"para u\u00f1as hermosas","potentialAction":[{"@type":"SearchAction","target":{"@type":"EntryPoint","urlTemplate":"https:\/\/www.schmucknaegel.de\/es\/?s={search_term_string}"},"query-input":{"@type":"PropertyValueSpecification","valueRequired":true,"valueName":"search_term_string"}}],"inLanguage":"es"}]}},"_links":{"self":[{"href":"https:\/\/www.schmucknaegel.de\/es\/wp-json\/wp\/v2\/pages\/6024","targetHints":{"allow":["GET"]}}],"collection":[{"href":"https:\/\/www.schmucknaegel.de\/es\/wp-json\/wp\/v2\/pages"}],"about":[{"href":"https:\/\/www.schmucknaegel.de\/es\/wp-json\/wp\/v2\/types\/page"}],"author":[{"embeddable":true,"href":"https:\/\/www.schmucknaegel.de\/es\/wp-json\/wp\/v2\/users\/1"}],"replies":[{"embeddable":true,"href":"https:\/\/www.schmucknaegel.de\/es\/wp-json\/wp\/v2\/comments?post=6024"}],"version-history":[{"count":0,"href":"https:\/\/www.schmucknaegel.de\/es\/wp-json\/wp\/v2\/pages\/6024\/revisions"}],"wp:attachment":[{"href":"https:\/\/www.schmucknaegel.de\/es\/wp-json\/wp\/v2\/media?parent=6024"}],"wp:term":[{"taxonomy":"post_tag","embeddable":true,"href":"https:\/\/www.schmucknaegel.de\/es\/wp-json\/wp\/v2\/tags?post=6024"}],"curies":[{"name":"wp","href":"https:\/\/api.w.org\/{rel}","templated":true}]}}