{"id":10,"date":"2016-03-12T14:56:31","date_gmt":"2016-03-12T13:56:31","guid":{"rendered":"https:\/\/www.schmucknaegel.de\/es\/?page_id=10"},"modified":"2018-05-30T15:53:50","modified_gmt":"2018-05-30T13:53:50","slug":"quienes-somos","status":"publish","type":"page","link":"https:\/\/www.schmucknaegel.de\/es\/quienes-somos\/","title":{"rendered":"Quienes somos"},"content":{"rendered":"<p>\r\n<strong>Make it Smart e. K.<\/strong><br \/>\r\nDirectora: Maria Bego\u00f1a Ramos Fernandez\r\n<\/p>\r\n\r\n<p>\r\nDreikreuzenstra\u00dfe 5<br \/>\r\n30449 Hannover \/ Alemania\r\n<\/p>\r\n\r\n<p>\r\nN\u00famero tel.: +49 511 2617535<br \/>\r\nE-Mail: <a href=\"javascript:DeCryptX('0i2p2h3r3C2u1d3k0m1v2e2m2p3d3h1h3h2n1\/3g2g')\">&#105;nfo&#64;s&#99;hmu&#99;kn&#97;&#101;&#103;e&#108;&#46;&#100;e<\/a>\r\n<\/p>\r\n\r\n<p>\r\n<strong>Registro comercial<\/strong><br \/>\r\nJuzgado del registro:<br \/>\r\nAmtsgericht Hannover \/ Alemania<br \/>\r\nN\u00famero de registro: HRA 203876<br \/>\r\n<\/p>\r\n\r\n<p>\r\nOficina de impuesto: 30455 Hannover-S\u00fcd \/ Alemania<br \/>\r\nN\u00famero fiscal: 26\/108\/10355<br \/>\r\nN\u00famero ident.: DE 813735302\r\n<\/p>\r\n\r\n<p>\r\nIHK- Hannover Id.: 0003905495\r\n<\/p>\r\n\r\n<hr>\r\n\r\n<h3>Fuentes de algunos im\u00e1genes:<\/h3>\r\n<p>\r\nhttps:\/\/pixabay.com\/de\/<br \/>\r\nhttps:\/\/www.pexels.com\/de\/<br \/>\r\nhttps:\/\/stocksnap.io\/<br \/>\r\nhttps:\/\/unsplash.com\/<br \/>\r\nLas im\u00e1genes est\u00e1n bajo licencia <a class=\"out\" href=\"https:\/\/creativecommons.org\/publicdomain\/zero\/1.0\/deed.es\" target=\"_blank\">Creative Commons CC0-1.0<\/a>.<br \/>\r\n<\/p>","protected":false},"excerpt":{"rendered":"Make it Smart e. K. Directora: Maria Bego\u00f1a Ramos Fernandez Dreikreuzenstra\u00dfe 5 30449 Hannover \/ Alemania N\u00famero tel.: +49 511 2617535 E-Mail: in&#102;o&#64;s&#99;h&#109;uc&#107;&#110;&#97;&#101;&#103;el&#46;d&#101; Registro comercial Juzgado del registro: Amtsgericht Hannover \/ Alemania N\u00famero de registro: HRA 203876 Oficina de impuesto: 30455 Hannover-S\u00fcd \/ Alemania N\u00famero fiscal: 26\/108\/10355 N\u00famero ident.: DE\u2026<p> <a class=\"continue-reading-link\" href=\"https:\/\/www.schmucknaegel.de\/es\/quienes-somos\/\"><span>Leer mas<\/span><i class=\"crycon-right-dir\"><\/i><\/a> <\/p>","protected":false},"author":1,"featured_media":0,"parent":0,"menu_order":0,"comment_status":"closed","ping_status":"closed","template":"","meta":{"footnotes":""},"tags":[],"class_list":["post-10","page","type-page","status-publish","hentry"],"yoast_head":"<!-- This site is optimized with the Yoast SEO plugin v27.2 - https:\/\/yoast.com\/product\/yoast-seo-wordpress\/ -->\n<title>Quienes somos - Dise\u00f1os de u\u00f1as<\/title>\n<meta name=\"robots\" content=\"noindex, nofollow\" \/>\n<meta property=\"og:locale\" content=\"es_ES\" \/>\n<meta property=\"og:type\" content=\"article\" \/>\n<meta property=\"og:title\" content=\"Quienes somos - Dise\u00f1os de u\u00f1as\" \/>\n<meta property=\"og:description\" content=\"Make it Smart e. K. Directora: Maria Bego\u00f1a Ramos Fernandez Dreikreuzenstra\u00dfe 5 30449 Hannover \/ Alemania N\u00famero tel.: +49 511 2617535 E-Mail: in&#102;&#111;&#064;&#115;&#099;hm&#117;&#099;kna&#101;&#103;el.d&#101; Registro comercial Juzgado del registro: Amtsgericht Hannover \/ Alemania N\u00famero de registro: HRA 203876 Oficina de impuesto: 30455 Hannover-S\u00fcd \/ Alemania N\u00famero fiscal: 26\/108\/10355 N\u00famero ident.: DE\u2026 Leer mas\" \/>\n<meta property=\"og:url\" content=\"https:\/\/www.schmucknaegel.de\/es\/quienes-somos\/\" \/>\n<meta property=\"og:site_name\" content=\"Dise\u00f1os de u\u00f1as\" \/>\n<meta property=\"article:publisher\" content=\"https:\/\/www.facebook.com\/unas.decoradas\/\" \/>\n<meta property=\"article:modified_time\" content=\"2018-05-30T13:53:50+00:00\" \/>\n<meta name=\"twitter:card\" content=\"summary_large_image\" \/>\n<meta name=\"twitter:site\" content=\"@schmucknaegel\" \/>\n<script type=\"application\/ld+json\" class=\"yoast-schema-graph\">{\"@context\":\"https:\/\/schema.org\",\"@graph\":[{\"@type\":\"WebPage\",\"@id\":\"https:\/\/www.schmucknaegel.de\/es\/quienes-somos\/\",\"url\":\"https:\/\/www.schmucknaegel.de\/es\/quienes-somos\/\",\"name\":\"Quienes somos - Dise\u00f1os de u\u00f1as\",\"isPartOf\":{\"@id\":\"https:\/\/www.schmucknaegel.de\/es\/#website\"},\"datePublished\":\"2016-03-12T13:56:31+00:00\",\"dateModified\":\"2018-05-30T13:53:50+00:00\",\"breadcrumb\":{\"@id\":\"https:\/\/www.schmucknaegel.de\/es\/quienes-somos\/#breadcrumb\"},\"inLanguage\":\"es\",\"potentialAction\":[{\"@type\":\"ReadAction\",\"target\":[\"https:\/\/www.schmucknaegel.de\/es\/quienes-somos\/\"]}]},{\"@type\":\"BreadcrumbList\",\"@id\":\"https:\/\/www.schmucknaegel.de\/es\/quienes-somos\/#breadcrumb\",\"itemListElement\":[{\"@type\":\"ListItem\",\"position\":1,\"name\":\"Portada\",\"item\":\"https:\/\/www.schmucknaegel.de\/es\/\"},{\"@type\":\"ListItem\",\"position\":2,\"name\":\"Quienes somos\"}]},{\"@type\":\"WebSite\",\"@id\":\"https:\/\/www.schmucknaegel.de\/es\/#website\",\"url\":\"https:\/\/www.schmucknaegel.de\/es\/\",\"name\":\"Dise\u00f1os de u\u00f1as\",\"description\":\"para u\u00f1as hermosas\",\"potentialAction\":[{\"@type\":\"SearchAction\",\"target\":{\"@type\":\"EntryPoint\",\"urlTemplate\":\"https:\/\/www.schmucknaegel.de\/es\/?s={search_term_string}\"},\"query-input\":{\"@type\":\"PropertyValueSpecification\",\"valueRequired\":true,\"valueName\":\"search_term_string\"}}],\"inLanguage\":\"es\"}]}<\/script>\n<!-- \/ Yoast SEO plugin. -->","yoast_head_json":{"title":"Quienes somos - Dise\u00f1os de u\u00f1as","robots":{"index":"noindex","follow":"nofollow"},"og_locale":"es_ES","og_type":"article","og_title":"Quienes somos - Dise\u00f1os de u\u00f1as","og_description":"Make it Smart e. K. Directora: Maria Bego\u00f1a Ramos Fernandez Dreikreuzenstra\u00dfe 5 30449 Hannover \/ Alemania N\u00famero tel.: +49 511 2617535 E-Mail: in&#102;&#111;&#64;&#115;&#99;hm&#117;&#99;kna&#101;&#103;el.d&#101; Registro comercial Juzgado del registro: Amtsgericht Hannover \/ Alemania N\u00famero de registro: HRA 203876 Oficina de impuesto: 30455 Hannover-S\u00fcd \/ Alemania N\u00famero fiscal: 26\/108\/10355 N\u00famero ident.: DE\u2026 Leer mas","og_url":"https:\/\/www.schmucknaegel.de\/es\/quienes-somos\/","og_site_name":"Dise\u00f1os de u\u00f1as","article_publisher":"https:\/\/www.facebook.com\/unas.decoradas\/","article_modified_time":"2018-05-30T13:53:50+00:00","twitter_card":"summary_large_image","twitter_site":"@schmucknaegel","schema":{"@context":"https:\/\/schema.org","@graph":[{"@type":"WebPage","@id":"https:\/\/www.schmucknaegel.de\/es\/quienes-somos\/","url":"https:\/\/www.schmucknaegel.de\/es\/quienes-somos\/","name":"Quienes somos - Dise\u00f1os de u\u00f1as","isPartOf":{"@id":"https:\/\/www.schmucknaegel.de\/es\/#website"},"datePublished":"2016-03-12T13:56:31+00:00","dateModified":"2018-05-30T13:53:50+00:00","breadcrumb":{"@id":"https:\/\/www.schmucknaegel.de\/es\/quienes-somos\/#breadcrumb"},"inLanguage":"es","potentialAction":[{"@type":"ReadAction","target":["https:\/\/www.schmucknaegel.de\/es\/quienes-somos\/"]}]},{"@type":"BreadcrumbList","@id":"https:\/\/www.schmucknaegel.de\/es\/quienes-somos\/#breadcrumb","itemListElement":[{"@type":"ListItem","position":1,"name":"Portada","item":"https:\/\/www.schmucknaegel.de\/es\/"},{"@type":"ListItem","position":2,"name":"Quienes somos"}]},{"@type":"WebSite","@id":"https:\/\/www.schmucknaegel.de\/es\/#website","url":"https:\/\/www.schmucknaegel.de\/es\/","name":"Dise\u00f1os de u\u00f1as","description":"para u\u00f1as hermosas","potentialAction":[{"@type":"SearchAction","target":{"@type":"EntryPoint","urlTemplate":"https:\/\/www.schmucknaegel.de\/es\/?s={search_term_string}"},"query-input":{"@type":"PropertyValueSpecification","valueRequired":true,"valueName":"search_term_string"}}],"inLanguage":"es"}]}},"_links":{"self":[{"href":"https:\/\/www.schmucknaegel.de\/es\/wp-json\/wp\/v2\/pages\/10","targetHints":{"allow":["GET"]}}],"collection":[{"href":"https:\/\/www.schmucknaegel.de\/es\/wp-json\/wp\/v2\/pages"}],"about":[{"href":"https:\/\/www.schmucknaegel.de\/es\/wp-json\/wp\/v2\/types\/page"}],"author":[{"embeddable":true,"href":"https:\/\/www.schmucknaegel.de\/es\/wp-json\/wp\/v2\/users\/1"}],"replies":[{"embeddable":true,"href":"https:\/\/www.schmucknaegel.de\/es\/wp-json\/wp\/v2\/comments?post=10"}],"version-history":[{"count":0,"href":"https:\/\/www.schmucknaegel.de\/es\/wp-json\/wp\/v2\/pages\/10\/revisions"}],"wp:attachment":[{"href":"https:\/\/www.schmucknaegel.de\/es\/wp-json\/wp\/v2\/media?parent=10"}],"wp:term":[{"taxonomy":"post_tag","embeddable":true,"href":"https:\/\/www.schmucknaegel.de\/es\/wp-json\/wp\/v2\/tags?post=10"}],"curies":[{"name":"wp","href":"https:\/\/api.w.org\/{rel}","templated":true}]}}